{"id":910,"date":"2026-02-23T14:20:02","date_gmt":"2026-02-23T13:20:02","guid":{"rendered":"http:\/\/fuerfamilienoberland.de\/?page_id=910"},"modified":"2026-02-24T09:57:32","modified_gmt":"2026-02-24T08:57:32","slug":"datenschutz","status":"publish","type":"page","link":"https:\/\/fuerfamilienoberland.de\/datenschutz\/","title":{"rendered":"Datenschutz"},"content":{"rendered":"\t\t<div data-elementor-type=\"wp-page\" data-elementor-id=\"910\" class=\"elementor elementor-910\">\n\t\t\t\t<div class=\"elementor-element elementor-element-e2ba9ff e-flex e-con-boxed e-con e-parent\" data-id=\"e2ba9ff\" data-element_type=\"container\" data-e-type=\"container\">\n\t\t\t\t\t<div class=\"e-con-inner\">\n\t\t\t\t<div class=\"elementor-element elementor-element-9feb0c1 elementor-widget elementor-widget-heading\" data-id=\"9feb0c1\" data-element_type=\"widget\" data-e-type=\"widget\" data-widget_type=\"heading.default\">\n\t\t\t\t<div class=\"elementor-widget-container\">\n\t\t\t\t\t<h4 class=\"elementor-heading-title elementor-size-default\">Datenschutzerkl\u00e4rung<\/h4>\t\t\t\t<\/div>\n\t\t\t\t<\/div>\n\t\t\t\t<div class=\"elementor-element elementor-element-b1eb6c8 elementor-widget elementor-widget-text-editor\" data-id=\"b1eb6c8\" data-element_type=\"widget\" data-e-type=\"widget\" data-widget_type=\"text-editor.default\">\n\t\t\t\t<div class=\"elementor-widget-container\">\n\t\t\t\t\t\t\t\t\t<p><strong>1. Verantwortlicher<\/strong><br \/>F\u00fcr Familien Oberland<br \/>Im Auftrag des Teams <br \/>Melanie Schulz<br \/>Am Lettenholz 1<br \/>83646 Bad T\u00f6lz<\/p><p>E-Mail: hallo@fuerfamilienoberland.de<\/p><p><strong>2. Allgemeines<\/strong><br \/>Der Schutz Ihrer personenbezogenen Daten ist uns sehr wichtig. Mit dieser Datenschutzerkl\u00e4rung informieren wir Sie, welche Daten wir erheben und wie wir sie verwenden.<\/p><p><strong>3. Erhebung und Nutzung<\/strong> personenbezogener Daten<br \/>&#8211; Personenbezogene Daten (z.\u202fB. Name, E-Mail-Adresse), die Sie uns freiwillig z.\u202fB. \u00fcber Kontaktformulare senden, werden ausschlie\u00dflich zur Bearbeitung Ihrer Anfrage verwendet.<br \/>&#8211; Wir geben Ihre Daten **nicht** an Dritte weiter, au\u00dfer es besteht eine gesetzliche Verpflichtung.<\/p><p><strong>4. Cookies und Tracking<\/strong><br \/>&#8211; Unser OnePager verwendet nur technisch notwendige Cookies, um die Seite korrekt darzustellen. <br \/>&#8211; Externe Dienste (z.\u202fB. Google Fonts, YouTube) k\u00f6nnen Daten erfassen; darauf haben wir keinen direkten Einfluss. <br \/>&#8211; Sie k\u00f6nnen Cookies in Ihrem Browser deaktivieren.<\/p><p><strong>5. Social Media und externe<\/strong> <strong>Dienste<\/strong><br \/>&#8211; Links zu Social-Media-Plattformen dienen ausschlie\u00dflich zur Information. <br \/>&#8211; Wir haben keinen Zugriff auf personenbezogene Daten, die dort erhoben werden.<\/p><p><strong>6. Ihre Rechte<\/strong><br \/>&#8211; Auskunftsrecht \u00fcber Ihre gespeicherten Daten<br \/>&#8211; Recht auf Berichtigung, L\u00f6schung oder Einschr\u00e4nkung der Verarbeitung<br \/>&#8211; Widerspruchsrecht gegen die Verarbeitung<br \/>&#8211; Recht auf Daten\u00fcbertragbarkeit<\/p><p><strong>7. Kontakt bei Datenschutzfragen<\/strong><br \/>Wenn Sie Fragen zum Datenschutz haben, wenden Sie sich bitte an: <br \/>Melanie Schulz, hallo@fuerfamilienoberland.de<\/p><p>Stand: Februar 2026<\/p>\t\t\t\t\t\t\t\t<\/div>\n\t\t\t\t<\/div>\n\t\t\t\t\t<\/div>\n\t\t\t\t<\/div>\n\t\t\t\t<\/div>\n\t\t","protected":false},"excerpt":{"rendered":"<p>Datenschutzerkl\u00e4rung 1. VerantwortlicherF\u00fcr Familien OberlandIm Auftrag des Teams Melanie SchulzAm Lettenholz 183646 Bad T\u00f6lz E-Mail: hallo@fuerfamilienoberland.de 2. AllgemeinesDer Schutz Ihrer personenbezogenen Daten ist uns sehr wichtig. Mit dieser Datenschutzerkl\u00e4rung informieren wir Sie, welche Daten wir erheben und wie wir sie verwenden. 3. Erhebung und Nutzung personenbezogener Daten&#8211; Personenbezogene Daten (z.\u202fB. Name, E-Mail-Adresse), die Sie uns [&hellip;]<\/p>\n","protected":false},"author":1,"featured_media":0,"parent":0,"menu_order":0,"comment_status":"closed","ping_status":"closed","template":"","meta":{"gtbabel_prevent_lngs":"","gtbabel_alt_lng":"","site-sidebar-layout":"no-sidebar","site-content-layout":"page-builder","ast-site-content-layout":"full-width-container","site-content-style":"default","site-sidebar-style":"default","ast-global-header-display":"","ast-banner-title-visibility":"","ast-main-header-display":"","ast-hfb-above-header-display":"","ast-hfb-below-header-display":"","ast-hfb-mobile-header-display":"","site-post-title":"","ast-breadcrumbs-content":"","ast-featured-img":"disabled","footer-sml-layout":"","theme-transparent-header-meta":"","adv-header-id-meta":"","stick-header-meta":"","header-above-stick-meta":"","header-main-stick-meta":"","header-below-stick-meta":"","astra-migrate-meta-layouts":"set","ast-page-background-enabled":"default","ast-page-background-meta":{"desktop":{"background-color":"","background-image":"","background-repeat":"repeat","background-position":"center center","background-size":"auto","background-attachment":"scroll","background-type":"","background-media":"","overlay-type":"","overlay-color":"","overlay-opacity":"","overlay-gradient":""},"tablet":{"background-color":"","background-image":"","background-repeat":"repeat","background-position":"center center","background-size":"auto","background-attachment":"scroll","background-type":"","background-media":"","overlay-type":"","overlay-color":"","overlay-opacity":"","overlay-gradient":""},"mobile":{"background-color":"","background-image":"","background-repeat":"repeat","background-position":"center center","background-size":"auto","background-attachment":"scroll","background-type":"","background-media":"","overlay-type":"","overlay-color":"","overlay-opacity":"","overlay-gradient":""}},"ast-content-background-meta":{"desktop":{"background-color":"var(--ast-global-color-5)","background-image":"","background-repeat":"repeat","background-position":"center center","background-size":"auto","background-attachment":"scroll","background-type":"","background-media":"","overlay-type":"","overlay-color":"","overlay-opacity":"","overlay-gradient":""},"tablet":{"background-color":"var(--ast-global-color-5)","background-image":"","background-repeat":"repeat","background-position":"center center","background-size":"auto","background-attachment":"scroll","background-type":"","background-media":"","overlay-type":"","overlay-color":"","overlay-opacity":"","overlay-gradient":""},"mobile":{"background-color":"var(--ast-global-color-5)","background-image":"","background-repeat":"repeat","background-position":"center center","background-size":"auto","background-attachment":"scroll","background-type":"","background-media":"","overlay-type":"","overlay-color":"","overlay-opacity":"","overlay-gradient":""}},"footnotes":""},"class_list":["post-910","page","type-page","status-publish","hentry"],"_links":{"self":[{"href":"https:\/\/fuerfamilienoberland.de\/de\/wp-json\/wp\/v2\/pages\/910","targetHints":{"allow":["GET"]}}],"collection":[{"href":"https:\/\/fuerfamilienoberland.de\/de\/wp-json\/wp\/v2\/pages"}],"about":[{"href":"https:\/\/fuerfamilienoberland.de\/de\/wp-json\/wp\/v2\/types\/page"}],"author":[{"embeddable":true,"href":"https:\/\/fuerfamilienoberland.de\/de\/wp-json\/wp\/v2\/users\/1"}],"replies":[{"embeddable":true,"href":"https:\/\/fuerfamilienoberland.de\/de\/wp-json\/wp\/v2\/comments?post=910"}],"version-history":[{"count":4,"href":"https:\/\/fuerfamilienoberland.de\/de\/wp-json\/wp\/v2\/pages\/910\/revisions"}],"predecessor-version":[{"id":914,"href":"https:\/\/fuerfamilienoberland.de\/de\/wp-json\/wp\/v2\/pages\/910\/revisions\/914"}],"wp:attachment":[{"href":"https:\/\/fuerfamilienoberland.de\/de\/wp-json\/wp\/v2\/media?parent=910"}],"curies":[{"name":"wp","href":"https:\/\/api.w.org\/{rel}","templated":true}]}}